{"id":12,"date":"2015-07-08T16:27:48","date_gmt":"2015-07-08T15:27:48","guid":{"rendered":"http:\/\/francoise-ayme-martin.com\/tabledorientation\/?page_id=12"},"modified":"2018-07-11T17:51:30","modified_gmt":"2018-07-11T16:51:30","slug":"accueil","status":"publish","type":"page","link":"http:\/\/francoise-ayme-martin.com\/tabledorientation\/","title":{"rendered":"Accueil"},"content":{"rendered":"<div id=\"attachment_106\" style=\"width: 235px\" class=\"wp-caption aligncenter\"><img aria-describedby=\"caption-attachment-106\" loading=\"lazy\" class=\"size-medium wp-image-106\" src=\"http:\/\/francoise-ayme-martin.com\/tabledorientation\/wp-content\/uploads\/2018\/07\/TO-canigou-225x300.jpg\" alt=\"\" width=\"225\" height=\"300\" srcset=\"http:\/\/francoise-ayme-martin.com\/tabledorientation\/wp-content\/uploads\/2018\/07\/TO-canigou-225x300.jpg 225w, http:\/\/francoise-ayme-martin.com\/tabledorientation\/wp-content\/uploads\/2018\/07\/TO-canigou-768x1024.jpg 768w, http:\/\/francoise-ayme-martin.com\/tabledorientation\/wp-content\/uploads\/2018\/07\/TO-canigou.jpg 1224w\" sizes=\"(max-width: 225px) 100vw, 225px\" \/><p id=\"caption-attachment-106\" class=\"wp-caption-text\">2018<br \/>Table d&rsquo;orientation bient\u00f4t en place dans le massif du CANIGOU (Pyr\u00e9n\u00e9es-Orientales)<\/p><\/div>\n<p>&nbsp;<\/p>\n<p>&nbsp;<\/p>\n<div id=\"attachment_83\" style=\"width: 310px\" class=\"wp-caption aligncenter\"><img aria-describedby=\"caption-attachment-83\" loading=\"lazy\" class=\"size-medium wp-image-83\" src=\"http:\/\/francoise-ayme-martin.com\/tabledorientation\/wp-content\/uploads\/2016\/09\/IMG_5306-300x225.jpg\" alt=\"\" width=\"300\" height=\"225\" srcset=\"http:\/\/francoise-ayme-martin.com\/tabledorientation\/wp-content\/uploads\/2016\/09\/IMG_5306-300x225.jpg 300w, http:\/\/francoise-ayme-martin.com\/tabledorientation\/wp-content\/uploads\/2016\/09\/IMG_5306-768x576.jpg 768w, http:\/\/francoise-ayme-martin.com\/tabledorientation\/wp-content\/uploads\/2016\/09\/IMG_5306-1024x768.jpg 1024w, http:\/\/francoise-ayme-martin.com\/tabledorientation\/wp-content\/uploads\/2016\/09\/IMG_5306.jpg 1500w\" sizes=\"(max-width: 300px) 100vw, 300px\" \/><p id=\"caption-attachment-83\" class=\"wp-caption-text\">Mise en place de la table d&rsquo;orientation au sommet du BUET (Haute-Savoie)<\/p><\/div>\n<div id=\"attachment_84\" style=\"width: 310px\" class=\"wp-caption aligncenter\"><img aria-describedby=\"caption-attachment-84\" loading=\"lazy\" class=\"size-medium wp-image-84\" src=\"http:\/\/francoise-ayme-martin.com\/tabledorientation\/wp-content\/uploads\/2016\/09\/IMG_5325-300x225.jpg\" alt=\"\" width=\"300\" height=\"225\" srcset=\"http:\/\/francoise-ayme-martin.com\/tabledorientation\/wp-content\/uploads\/2016\/09\/IMG_5325-300x225.jpg 300w, http:\/\/francoise-ayme-martin.com\/tabledorientation\/wp-content\/uploads\/2016\/09\/IMG_5325-768x576.jpg 768w, http:\/\/francoise-ayme-martin.com\/tabledorientation\/wp-content\/uploads\/2016\/09\/IMG_5325-1024x768.jpg 1024w, http:\/\/francoise-ayme-martin.com\/tabledorientation\/wp-content\/uploads\/2016\/09\/IMG_5325.jpg 1500w\" sizes=\"(max-width: 300px) 100vw, 300px\" \/><p id=\"caption-attachment-84\" class=\"wp-caption-text\">Inauguration de la table d&rsquo;orientation le 3 septembre 2016<\/p><\/div>\n<h3>Valorisation de sites<\/h3>\n<p style=\"padding-left: 30px; text-align: justify;\">Notre sp\u00e9cialit\u00e9 : tables d&rsquo;orientation, parcours th\u00e9matiques, panoramas de massifs.<\/p>\n<p style=\"padding-left: 30px; text-align: justify;\">En compl\u00e9ment de notre activit\u00e9 de cartographie, nous intervenons sur les aspects de valorisation et de d\u00e9couverte du milieu. Cette valorisation du milieu peut concerner des th\u00e8mes tr\u00e8s vari\u00e9s (faune, flore, g\u00e9ologie, architecture, paysage, histoire\u2026). C\u2019est pourquoi, au cas par cas, nous faisons appel \u00e0 un r\u00e9seau de sp\u00e9cialistes tant en terme d\u2019\u00e9tude de contenu scientifique que de repr\u00e9sentation graphique ou design des supports.<\/p>\n<p style=\"padding-left: 30px; text-align: justify;\">Pour les tables d&rsquo;orientation et les repr\u00e9sentations panoramiques, nous nous rendons sur place pour la d\u00e9couverte et l&rsquo;\u00e9tude in situ du panorama \u00e0 repr\u00e9senter. Croquis sur place, prises de vue, relev\u00e9s des \u00e9l\u00e9ments \u00e0 valoriser tout sp\u00e9cialement, constituent la base indispensable de nos r\u00e9alisations graphiques.<\/p>\n<p style=\"padding-left: 30px; text-align: justify;\">Nous coordonnons l\u2019ensemble de la r\u00e9alisation, de la conception jusqu\u2019\u00e0 la mise en place effective selon la mission qui nous est confi\u00e9e, en proposant des contenus et supports attractifs, innovants et adapt\u00e9s aux publics vis\u00e9s (sp\u00e9cialistes, grand public, scolaires\u2026).<\/p>\n<p style=\"padding-left: 30px; text-align: justify;\">\n<div id=\"attachment_9\" style=\"width: 246px\" class=\"wp-caption aligncenter\"><img aria-describedby=\"caption-attachment-9\" loading=\"lazy\" class=\" wp-image-9\" src=\"http:\/\/francoise-ayme-martin.com\/tabledorientation\/wp-content\/uploads\/2015\/07\/Pose-de-la-table-dorientation-du-col-du-Bonhomme-199x300.jpg\" alt=\"\" width=\"236\" height=\"356\" srcset=\"http:\/\/francoise-ayme-martin.com\/tabledorientation\/wp-content\/uploads\/2015\/07\/Pose-de-la-table-dorientation-du-col-du-Bonhomme-199x300.jpg 199w, http:\/\/francoise-ayme-martin.com\/tabledorientation\/wp-content\/uploads\/2015\/07\/Pose-de-la-table-dorientation-du-col-du-Bonhomme-680x1024.jpg 680w\" sizes=\"(max-width: 236px) 100vw, 236px\" \/><p id=\"caption-attachment-9\" class=\"wp-caption-text\">Mise en place de la table d&rsquo;orientation du COL DU BONHOMME<\/p><\/div>\n","protected":false},"excerpt":{"rendered":"<p class=\"excerpt\">&nbsp; &nbsp; Valorisation de sites Notre sp\u00e9cialit\u00e9 : tables d&rsquo;orientation, parcours th\u00e9matiques, panoramas de massifs. En compl\u00e9ment de notre activit\u00e9 de cartographie, nous intervenons sur les aspects de valorisation et de d\u00e9couverte du milieu. Cette valorisation du milieu peut concerner des th\u00e8mes tr\u00e8s vari\u00e9s (faune, flore, g\u00e9ologie, architecture, paysage, histoire\u2026). C\u2019est pourquoi, au cas par cas, nous faisons appel \u00e0&hellip; <a href=\"http:\/\/francoise-ayme-martin.com\/tabledorientation\/\">Read more &rarr;<\/a><\/p>\n","protected":false},"author":1,"featured_media":0,"parent":0,"menu_order":0,"comment_status":"closed","ping_status":"closed","template":"","meta":[],"_links":{"self":[{"href":"http:\/\/francoise-ayme-martin.com\/tabledorientation\/wp-json\/wp\/v2\/pages\/12"}],"collection":[{"href":"http:\/\/francoise-ayme-martin.com\/tabledorientation\/wp-json\/wp\/v2\/pages"}],"about":[{"href":"http:\/\/francoise-ayme-martin.com\/tabledorientation\/wp-json\/wp\/v2\/types\/page"}],"author":[{"embeddable":true,"href":"http:\/\/francoise-ayme-martin.com\/tabledorientation\/wp-json\/wp\/v2\/users\/1"}],"replies":[{"embeddable":true,"href":"http:\/\/francoise-ayme-martin.com\/tabledorientation\/wp-json\/wp\/v2\/comments?post=12"}],"version-history":[{"count":26,"href":"http:\/\/francoise-ayme-martin.com\/tabledorientation\/wp-json\/wp\/v2\/pages\/12\/revisions"}],"predecessor-version":[{"id":126,"href":"http:\/\/francoise-ayme-martin.com\/tabledorientation\/wp-json\/wp\/v2\/pages\/12\/revisions\/126"}],"wp:attachment":[{"href":"http:\/\/francoise-ayme-martin.com\/tabledorientation\/wp-json\/wp\/v2\/media?parent=12"}],"curies":[{"name":"wp","href":"https:\/\/api.w.org\/{rel}","templated":true}]}}