{"id":25,"date":"2015-07-08T17:00:06","date_gmt":"2015-07-08T16:00:06","guid":{"rendered":"http:\/\/francoise-ayme-martin.com\/tabledorientation\/?page_id=25"},"modified":"2015-09-16T09:50:33","modified_gmt":"2015-09-16T08:50:33","slug":"contact","status":"publish","type":"page","link":"http:\/\/francoise-ayme-martin.com\/tabledorientation\/contact\/","title":{"rendered":"Contact"},"content":{"rendered":"<p><div id=\"attachment_49\" style=\"width: 310px\" class=\"wp-caption alignnone\"><a href=\"http:\/\/francoise-ayme-martin.com\/tabledorientation\/wp-content\/uploads\/2015\/09\/MONTMIN.jpg\"><img aria-describedby=\"caption-attachment-49\" loading=\"lazy\" src=\"http:\/\/francoise-ayme-martin.com\/tabledorientation\/wp-content\/uploads\/2015\/09\/MONTMIN-300x252.jpg\" alt=\"Commune de MONTMIN, panorama g\u00e9n\u00e9ral r\u00e9alis\u00e9 en ao\u00fbt 2015\" width=\"300\" height=\"252\" class=\"size-medium wp-image-49\" srcset=\"http:\/\/francoise-ayme-martin.com\/tabledorientation\/wp-content\/uploads\/2015\/09\/MONTMIN-300x252.jpg 300w, http:\/\/francoise-ayme-martin.com\/tabledorientation\/wp-content\/uploads\/2015\/09\/MONTMIN.jpg 865w\" sizes=\"(max-width: 300px) 100vw, 300px\" \/><\/a><p id=\"caption-attachment-49\" class=\"wp-caption-text\">Commune de MONTMIN, panorama g\u00e9n\u00e9ral r\u00e9alis\u00e9 en ao\u00fbt 2015<\/p><\/div><div role=\"form\" class=\"wpcf7\" id=\"wpcf7-f27-o1\" lang=\"fr-FR\" dir=\"ltr\">\n<div class=\"screen-reader-response\"><\/div>\n<form name=\"\" action=\"\/tabledorientation\/wp-json\/wp\/v2\/pages\/25#wpcf7-f27-o1\" method=\"post\" class=\"wpcf7-form\" novalidate=\"novalidate\">\n<div style=\"display: none;\">\n<input type=\"hidden\" name=\"_wpcf7\" value=\"27\" \/>\n<input type=\"hidden\" name=\"_wpcf7_version\" value=\"4.2.1\" \/>\n<input type=\"hidden\" name=\"_wpcf7_locale\" value=\"fr_FR\" \/>\n<input type=\"hidden\" name=\"_wpcf7_unit_tag\" value=\"wpcf7-f27-o1\" \/>\n<input type=\"hidden\" name=\"_wpnonce\" value=\"0aa07aefaf\" \/>\n<\/div>\n<p>Votre nom (obligatoire)<br \/>\n    <span class=\"wpcf7-form-control-wrap your-name\"><input type=\"text\" name=\"your-name\" value=\"\" size=\"40\" class=\"wpcf7-form-control wpcf7-text wpcf7-validates-as-required\" aria-required=\"true\" aria-invalid=\"false\" \/><\/span> <\/p>\n<p>Votre email (obligatoire)<br \/>\n    <span class=\"wpcf7-form-control-wrap your-email\"><input type=\"email\" name=\"your-email\" value=\"\" size=\"40\" class=\"wpcf7-form-control wpcf7-text wpcf7-email wpcf7-validates-as-required wpcf7-validates-as-email\" aria-required=\"true\" aria-invalid=\"false\" \/><\/span> <\/p>\n<p>Sujet<br \/>\n    <span class=\"wpcf7-form-control-wrap your-subject\"><input type=\"text\" name=\"your-subject\" value=\"\" size=\"40\" class=\"wpcf7-form-control wpcf7-text\" aria-invalid=\"false\" \/><\/span> <\/p>\n<p>Votre message<br \/>\n    <span class=\"wpcf7-form-control-wrap your-message\"><textarea name=\"your-message\" cols=\"40\" rows=\"10\" class=\"wpcf7-form-control wpcf7-textarea\" aria-invalid=\"false\"><\/textarea><\/span> <\/p>\n<p><input type=\"hidden\" name=\"_wpcf7_captcha_challenge_captcha-641\" value=\"304207165\" \/><img class=\"wpcf7-form-control wpcf7-captchac wpcf7-captcha-captcha-641\" width=\"72\" height=\"24\" alt=\"captcha\" src=\"http:\/\/francoise-ayme-martin.com\/tabledorientation\/wp-content\/uploads\/wpcf7_captcha\/304207165.png\" \/> <span class=\"wpcf7-form-control-wrap captcha-641\"><input type=\"text\" name=\"captcha-641\" value=\"\" size=\"40\" class=\"wpcf7-form-control wpcf7-captchar\" aria-invalid=\"false\" \/><\/span><\/p>\n<p><input type=\"submit\" value=\"Envoyer\" class=\"wpcf7-form-control wpcf7-submit\" \/><\/p>\n<div class=\"wpcf7-response-output wpcf7-display-none\"><\/div><\/form><\/div><\/p>\n","protected":false},"excerpt":{"rendered":"<p class=\"excerpt\"> <a href=\"http:\/\/francoise-ayme-martin.com\/tabledorientation\/contact\/\">Read more &rarr;<\/a><\/p>\n","protected":false},"author":1,"featured_media":49,"parent":0,"menu_order":0,"comment_status":"closed","ping_status":"closed","template":"","meta":[],"_links":{"self":[{"href":"http:\/\/francoise-ayme-martin.com\/tabledorientation\/wp-json\/wp\/v2\/pages\/25"}],"collection":[{"href":"http:\/\/francoise-ayme-martin.com\/tabledorientation\/wp-json\/wp\/v2\/pages"}],"about":[{"href":"http:\/\/francoise-ayme-martin.com\/tabledorientation\/wp-json\/wp\/v2\/types\/page"}],"author":[{"embeddable":true,"href":"http:\/\/francoise-ayme-martin.com\/tabledorientation\/wp-json\/wp\/v2\/users\/1"}],"replies":[{"embeddable":true,"href":"http:\/\/francoise-ayme-martin.com\/tabledorientation\/wp-json\/wp\/v2\/comments?post=25"}],"version-history":[{"count":4,"href":"http:\/\/francoise-ayme-martin.com\/tabledorientation\/wp-json\/wp\/v2\/pages\/25\/revisions"}],"predecessor-version":[{"id":51,"href":"http:\/\/francoise-ayme-martin.com\/tabledorientation\/wp-json\/wp\/v2\/pages\/25\/revisions\/51"}],"wp:featuredmedia":[{"embeddable":true,"href":"http:\/\/francoise-ayme-martin.com\/tabledorientation\/wp-json\/wp\/v2\/media\/49"}],"wp:attachment":[{"href":"http:\/\/francoise-ayme-martin.com\/tabledorientation\/wp-json\/wp\/v2\/media?parent=25"}],"curies":[{"name":"wp","href":"https:\/\/api.w.org\/{rel}","templated":true}]}}