{"id":75,"date":"2015-03-04T16:01:10","date_gmt":"2015-03-04T15:01:10","guid":{"rendered":"http:\/\/francoise-ayme-martin.com\/?page_id=75"},"modified":"2022-06-15T15:14:11","modified_gmt":"2022-06-15T14:14:11","slug":"illustration","status":"publish","type":"page","link":"https:\/\/francoise-ayme-martin.com\/?page_id=75","title":{"rendered":"Illustrations"},"content":{"rendered":"\t\t<div data-elementor-type=\"wp-page\" data-elementor-id=\"75\" class=\"elementor elementor-75\" data-elementor-settings=\"[]\">\n\t\t\t<div class=\"elementor-inner\">\n\t\t\t\t<div class=\"elementor-section-wrap\">\n\t\t\t\t\t\t\t<section class=\"elementor-element elementor-element-5c8c78ad elementor-section-boxed elementor-section-height-default elementor-section-height-default elementor-section elementor-top-section\" data-id=\"5c8c78ad\" data-element_type=\"section\">\n\t\t\t\t\t\t<div class=\"elementor-container elementor-column-gap-default\">\n\t\t\t\t<div class=\"elementor-row\">\n\t\t\t\t<div class=\"elementor-element elementor-element-1bc4366 elementor-column elementor-col-100 elementor-top-column\" data-id=\"1bc4366\" data-element_type=\"column\">\n\t\t\t<div class=\"elementor-column-wrap  elementor-element-populated\">\n\t\t\t\t\t<div class=\"elementor-widget-wrap\">\n\t\t\t\t<div class=\"elementor-element elementor-element-4647d97 hfe-nav-menu__align-left hfe-submenu-icon-arrow hfe-submenu-animation-none hfe-nav-menu__breakpoint-tablet elementor-widget elementor-widget-navigation-menu\" data-id=\"4647d97\" data-element_type=\"widget\" data-widget_type=\"navigation-menu.default\">\n\t\t\t\t<div class=\"elementor-widget-container\">\n\t\t\t\t\t\t<div class=\"hfe-nav-menu hfe-layout-horizontal hfe-nav-menu-layout horizontal hfe-pointer__none\" data-layout=\"horizontal\">\n\t\t\t\t<div class=\"hfe-nav-menu__toggle elementor-clickable\">\n\t\t\t\t\t<div class=\"hfe-nav-menu-icon\">\n\t\t\t\t\t\t\t\t\t\t\t\t\t<i class=\"fas fa-align-justify\" aria-hidden=\"true\" tabindex=\"0\"><\/i>\n\t\t\t\t\t\t\t\t\t\t\t<\/div>\n\t\t\t\t<\/div>\n\t\t\t\t<nav class=\"hfe-nav-menu__layout-horizontal hfe-nav-menu__submenu-arrow\" data-toggle-icon=\"fas fa-align-justify fa-solid\" data-close-icon=\"far fa-window-close fa-regular\" data-full-width=\"yes\"><ul id=\"menu-1-4647d97\" class=\"hfe-nav-menu\"><li id=\"menu-item-2005\" class=\"menu-item menu-item-type-post_type menu-item-object-page parent hfe-creative-menu\"><a href=\"https:\/\/francoise-ayme-martin.com\/?page_id=112\" class = \"hfe-menu-item\">Imaginaire<\/a><\/li>\n<li id=\"menu-item-2003\" class=\"menu-item menu-item-type-post_type menu-item-object-page parent hfe-creative-menu\"><a href=\"https:\/\/francoise-ayme-martin.com\/?page_id=138\" class = \"hfe-menu-item\">Encres sur papier<\/a><\/li>\n<li id=\"menu-item-2004\" class=\"menu-item menu-item-type-post_type menu-item-object-page parent hfe-creative-menu\"><a href=\"https:\/\/francoise-ayme-martin.com\/?page_id=126\" class = \"hfe-menu-item\">Paysages<\/a><\/li>\n<li id=\"menu-item-2007\" class=\"menu-item menu-item-type-post_type menu-item-object-page parent hfe-creative-menu\"><a href=\"https:\/\/francoise-ayme-martin.com\/?page_id=75\" class = \"hfe-menu-item\">Illustrations<\/a><\/li>\n<li id=\"menu-item-2006\" class=\"menu-item menu-item-type-post_type menu-item-object-page parent hfe-creative-menu\"><a href=\"https:\/\/francoise-ayme-martin.com\/?page_id=79\" class = \"hfe-menu-item\">D\u00e9cors<\/a><\/li>\n<\/ul><\/nav>              \n\t\t\t<\/div>\n\t\t\t\t\t<\/div>\n\t\t\t\t<\/div>\n\t\t\t\t<div class=\"elementor-element elementor-element-5d74574e elementor-widget elementor-widget-text-editor\" data-id=\"5d74574e\" data-element_type=\"widget\" data-widget_type=\"text-editor.default\">\n\t\t\t\t<div class=\"elementor-widget-container\">\n\t\t\t\t\t<div class=\"elementor-text-editor elementor-clearfix\">&nbsp;\n\n<div id='gallery-1' class='gallery galleryid-75 gallery-columns-3 gallery-size-medium'><figure class='gallery-item'>\n\t\t\t<div class='gallery-icon portrait'>\n\t\t\t\t<a href='https:\/\/francoise-ayme-martin.com\/wp-content\/uploads\/2015\/03\/affiche-spectacle-72dpi.jpg'><img loading=\"lazy\" decoding=\"async\" width=\"214\" height=\"300\" src=\"https:\/\/francoise-ayme-martin.com\/wp-content\/uploads\/2015\/03\/affiche-spectacle-72dpi-214x300.jpg\" class=\"attachment-medium size-medium\" alt=\"\" aria-describedby=\"gallery-1-156\" srcset=\"https:\/\/francoise-ayme-martin.com\/wp-content\/uploads\/2015\/03\/affiche-spectacle-72dpi-214x300.jpg 214w, https:\/\/francoise-ayme-martin.com\/wp-content\/uploads\/2015\/03\/affiche-spectacle-72dpi-730x1024.jpg 730w, https:\/\/francoise-ayme-martin.com\/wp-content\/uploads\/2015\/03\/affiche-spectacle-72dpi.jpg 912w\" sizes=\"auto, (max-width: 214px) 100vw, 214px\" \/><\/a>\n\t\t\t<\/div>\n\t\t\t\t<figcaption class='wp-caption-text gallery-caption' id='gallery-1-156'>\n\t\t\t\t<b>Affiche de spectacle \u00ab\u00a0Le Petit Bal Perdu\u00a0\u00bb<\/b><br>\n\t\t\t\t<\/figcaption><\/figure><figure class='gallery-item'>\n\t\t\t<div class='gallery-icon portrait'>\n\t\t\t\t<a href='https:\/\/francoise-ayme-martin.com\/wp-content\/uploads\/2015\/03\/Affiche-130-ans-harmonie-Jacquemart-2011-72dpi.jpg'><img loading=\"lazy\" decoding=\"async\" width=\"212\" height=\"300\" src=\"https:\/\/francoise-ayme-martin.com\/wp-content\/uploads\/2015\/03\/Affiche-130-ans-harmonie-Jacquemart-2011-72dpi-212x300.jpg\" class=\"attachment-medium size-medium\" alt=\"\" aria-describedby=\"gallery-1-151\" srcset=\"https:\/\/francoise-ayme-martin.com\/wp-content\/uploads\/2015\/03\/Affiche-130-ans-harmonie-Jacquemart-2011-72dpi-212x300.jpg 212w, https:\/\/francoise-ayme-martin.com\/wp-content\/uploads\/2015\/03\/Affiche-130-ans-harmonie-Jacquemart-2011-72dpi-724x1024.jpg 724w, https:\/\/francoise-ayme-martin.com\/wp-content\/uploads\/2015\/03\/Affiche-130-ans-harmonie-Jacquemart-2011-72dpi.jpg 1169w\" sizes=\"auto, (max-width: 212px) 100vw, 212px\" \/><\/a>\n\t\t\t<\/div>\n\t\t\t\t<figcaption class='wp-caption-text gallery-caption' id='gallery-1-151'>\n\t\t\t\t<b>Affiche comm\u00e9morative<\/b><br>\r\nAffiche r\u00e9alis\u00e9e pour les 130 ans de l&rsquo;Harmonie de Jacquemart \u00e0 Romans (Dr\u00f4me).\n\t\t\t\t<\/figcaption><\/figure><figure class='gallery-item'>\n\t\t\t<div class='gallery-icon portrait'>\n\t\t\t\t<a href='https:\/\/francoise-ayme-martin.com\/wp-content\/uploads\/2015\/03\/Th\u00e9\u00e2tre-de-la-Courte-Echelle-projet-personnage-d\u00e9cor-spectacle-72dpi.jpg'><img loading=\"lazy\" decoding=\"async\" width=\"200\" height=\"300\" src=\"https:\/\/francoise-ayme-martin.com\/wp-content\/uploads\/2015\/03\/Th\u00e9\u00e2tre-de-la-Courte-Echelle-projet-personnage-d\u00e9cor-spectacle-72dpi-200x300.jpg\" class=\"attachment-medium size-medium\" alt=\"\" aria-describedby=\"gallery-1-154\" srcset=\"https:\/\/francoise-ayme-martin.com\/wp-content\/uploads\/2015\/03\/Th\u00e9\u00e2tre-de-la-Courte-Echelle-projet-personnage-d\u00e9cor-spectacle-72dpi-200x300.jpg 200w, https:\/\/francoise-ayme-martin.com\/wp-content\/uploads\/2015\/03\/Th\u00e9\u00e2tre-de-la-Courte-Echelle-projet-personnage-d\u00e9cor-spectacle-72dpi-683x1024.jpg 683w, https:\/\/francoise-ayme-martin.com\/wp-content\/uploads\/2015\/03\/Th\u00e9\u00e2tre-de-la-Courte-Echelle-projet-personnage-d\u00e9cor-spectacle-72dpi.jpg 1088w\" sizes=\"auto, (max-width: 200px) 100vw, 200px\" \/><\/a>\n\t\t\t<\/div>\n\t\t\t\t<figcaption class='wp-caption-text gallery-caption' id='gallery-1-154'>\n\t\t\t\t<b>Th\u00e9\u00e2tre de la Courte Echelle<\/b><br>\r\nEsquisse personnage pour le d\u00e9cor du spectacle \u00ab\u00a0A cloche-pied\u00a0\u00bb.\n\t\t\t\t<\/figcaption><\/figure><figure class='gallery-item'>\n\t\t\t<div class='gallery-icon portrait'>\n\t\t\t\t<a href='https:\/\/francoise-ayme-martin.com\/wp-content\/uploads\/2015\/03\/projet-personnage-2-d\u00e9cor-spectacle-72dpi.jpg'><img loading=\"lazy\" decoding=\"async\" width=\"200\" height=\"300\" src=\"https:\/\/francoise-ayme-martin.com\/wp-content\/uploads\/2015\/03\/projet-personnage-2-d\u00e9cor-spectacle-72dpi-200x300.jpg\" class=\"attachment-medium size-medium\" alt=\"Th\u00e9\u00e2tre de la Courte Echelle\" aria-describedby=\"gallery-1-153\" srcset=\"https:\/\/francoise-ayme-martin.com\/wp-content\/uploads\/2015\/03\/projet-personnage-2-d\u00e9cor-spectacle-72dpi-200x300.jpg 200w, https:\/\/francoise-ayme-martin.com\/wp-content\/uploads\/2015\/03\/projet-personnage-2-d\u00e9cor-spectacle-72dpi-683x1024.jpg 683w, https:\/\/francoise-ayme-martin.com\/wp-content\/uploads\/2015\/03\/projet-personnage-2-d\u00e9cor-spectacle-72dpi.jpg 1088w\" sizes=\"auto, (max-width: 200px) 100vw, 200px\" \/><\/a>\n\t\t\t<\/div>\n\t\t\t\t<figcaption class='wp-caption-text gallery-caption' id='gallery-1-153'>\n\t\t\t\t<b>Th\u00e9\u00e2tre de la Courte Echelle<\/b><br>\r\nEsquisse personnage pour le d\u00e9cor du spectacle \u00a0\u00bb A cloche-pied\u00a0\u00bb.\n\t\t\t\t<\/figcaption><\/figure><figure class='gallery-item'>\n\t\t\t<div class='gallery-icon landscape'>\n\t\t\t\t<a href='https:\/\/francoise-ayme-martin.com\/wp-content\/uploads\/2015\/03\/Extrait-panneau-daccueil-port-St-Pierre-St-Pierre-et-Miquelon-72dpi.jpg'><img loading=\"lazy\" decoding=\"async\" width=\"300\" height=\"248\" src=\"https:\/\/francoise-ayme-martin.com\/wp-content\/uploads\/2015\/03\/Extrait-panneau-daccueil-port-St-Pierre-St-Pierre-et-Miquelon-72dpi-300x248.jpg\" class=\"attachment-medium size-medium\" alt=\"\" aria-describedby=\"gallery-1-163\" srcset=\"https:\/\/francoise-ayme-martin.com\/wp-content\/uploads\/2015\/03\/Extrait-panneau-daccueil-port-St-Pierre-St-Pierre-et-Miquelon-72dpi-300x248.jpg 300w, https:\/\/francoise-ayme-martin.com\/wp-content\/uploads\/2015\/03\/Extrait-panneau-daccueil-port-St-Pierre-St-Pierre-et-Miquelon-72dpi-1024x846.jpg 1024w, https:\/\/francoise-ayme-martin.com\/wp-content\/uploads\/2015\/03\/Extrait-panneau-daccueil-port-St-Pierre-St-Pierre-et-Miquelon-72dpi.jpg 1026w\" sizes=\"auto, (max-width: 300px) 100vw, 300px\" \/><\/a>\n\t\t\t<\/div>\n\t\t\t\t<figcaption class='wp-caption-text gallery-caption' id='gallery-1-163'>\n\t\t\t\t<b>Saint Pierre et Miquelon<\/b><br>\r\nIllustration panneau d&rsquo;accueil sur le port de SAINT PIERRE.\n\t\t\t\t<\/figcaption><\/figure><figure class='gallery-item'>\n\t\t\t<div class='gallery-icon portrait'>\n\t\t\t\t<a href='https:\/\/francoise-ayme-martin.com\/wp-content\/uploads\/2015\/03\/peinturettes-Charpieu-montagne-007-72dpi.jpg'><img loading=\"lazy\" decoding=\"async\" width=\"200\" height=\"300\" src=\"https:\/\/francoise-ayme-martin.com\/wp-content\/uploads\/2015\/03\/peinturettes-Charpieu-montagne-007-72dpi-200x300.jpg\" class=\"attachment-medium size-medium\" alt=\"Illustration Paysage d&#039;hiver.\" aria-describedby=\"gallery-1-152\" srcset=\"https:\/\/francoise-ayme-martin.com\/wp-content\/uploads\/2015\/03\/peinturettes-Charpieu-montagne-007-72dpi-200x300.jpg 200w, https:\/\/francoise-ayme-martin.com\/wp-content\/uploads\/2015\/03\/peinturettes-Charpieu-montagne-007-72dpi-682x1024.jpg 682w, https:\/\/francoise-ayme-martin.com\/wp-content\/uploads\/2015\/03\/peinturettes-Charpieu-montagne-007-72dpi.jpg 1333w\" sizes=\"auto, (max-width: 200px) 100vw, 200px\" \/><\/a>\n\t\t\t<\/div>\n\t\t\t\t<figcaption class='wp-caption-text gallery-caption' id='gallery-1-152'>\n\t\t\t\t<b>Illustration Paysage d&rsquo;hiver.<\/b><br>\r\nAquarelle\n\t\t\t\t<\/figcaption><\/figure><figure class='gallery-item'>\n\t\t\t<div class='gallery-icon portrait'>\n\t\t\t\t<a href='https:\/\/francoise-ayme-martin.com\/wp-content\/uploads\/2015\/03\/Affiches-Champagny-72dpi.jpg'><img loading=\"lazy\" decoding=\"async\" width=\"203\" height=\"300\" src=\"https:\/\/francoise-ayme-martin.com\/wp-content\/uploads\/2015\/03\/Affiches-Champagny-72dpi-203x300.jpg\" class=\"attachment-medium size-medium\" alt=\"\" aria-describedby=\"gallery-1-157\" srcset=\"https:\/\/francoise-ayme-martin.com\/wp-content\/uploads\/2015\/03\/Affiches-Champagny-72dpi-203x300.jpg 203w, https:\/\/francoise-ayme-martin.com\/wp-content\/uploads\/2015\/03\/Affiches-Champagny-72dpi-694x1024.jpg 694w, https:\/\/francoise-ayme-martin.com\/wp-content\/uploads\/2015\/03\/Affiches-Champagny-72dpi.jpg 1008w\" sizes=\"auto, (max-width: 203px) 100vw, 203px\" \/><\/a>\n\t\t\t<\/div>\n\t\t\t\t<figcaption class='wp-caption-text gallery-caption' id='gallery-1-157'>\n\t\t\t\t<b>Champagny-en-Vanoise (Savoie)<\/b><br>\r\nIllustrations affiches Office de Tourisme.\n\t\t\t\t<\/figcaption><\/figure><figure class='gallery-item'>\n\t\t\t<div class='gallery-icon landscape'>\n\t\t\t\t<a href='https:\/\/francoise-ayme-martin.com\/wp-content\/uploads\/2015\/03\/illustration-oiseaux-Tradiser-72dpi.jpg'><img loading=\"lazy\" decoding=\"async\" width=\"300\" height=\"291\" src=\"https:\/\/francoise-ayme-martin.com\/wp-content\/uploads\/2015\/03\/illustration-oiseaux-Tradiser-72dpi-300x291.jpg\" class=\"attachment-medium size-medium\" alt=\"\" aria-describedby=\"gallery-1-162\" srcset=\"https:\/\/francoise-ayme-martin.com\/wp-content\/uploads\/2015\/03\/illustration-oiseaux-Tradiser-72dpi-300x291.jpg 300w, https:\/\/francoise-ayme-martin.com\/wp-content\/uploads\/2015\/03\/illustration-oiseaux-Tradiser-72dpi-1024x995.jpg 1024w, https:\/\/francoise-ayme-martin.com\/wp-content\/uploads\/2015\/03\/illustration-oiseaux-Tradiser-72dpi.jpg 2000w\" sizes=\"auto, (max-width: 300px) 100vw, 300px\" \/><\/a>\n\t\t\t<\/div>\n\t\t\t\t<figcaption class='wp-caption-text gallery-caption' id='gallery-1-162'>\n\t\t\t\t<b>Soci\u00e9t\u00e9 TRADISER<\/b><br>\nIllustration oiseaux.\n\t\t\t\t<\/figcaption><\/figure><figure class='gallery-item'>\n\t\t\t<div class='gallery-icon landscape'>\n\t\t\t\t<a href='https:\/\/francoise-ayme-martin.com\/wp-content\/uploads\/2015\/03\/ch\u00e2teau-de-Joux-illustration-4-001-72dpi.jpg'><img loading=\"lazy\" decoding=\"async\" width=\"300\" height=\"193\" src=\"https:\/\/francoise-ayme-martin.com\/wp-content\/uploads\/2015\/03\/ch\u00e2teau-de-Joux-illustration-4-001-72dpi-300x193.jpg\" class=\"attachment-medium size-medium\" alt=\"\" aria-describedby=\"gallery-1-158\" srcset=\"https:\/\/francoise-ayme-martin.com\/wp-content\/uploads\/2015\/03\/ch\u00e2teau-de-Joux-illustration-4-001-72dpi-300x193.jpg 300w, https:\/\/francoise-ayme-martin.com\/wp-content\/uploads\/2015\/03\/ch\u00e2teau-de-Joux-illustration-4-001-72dpi-1024x658.jpg 1024w, https:\/\/francoise-ayme-martin.com\/wp-content\/uploads\/2015\/03\/ch\u00e2teau-de-Joux-illustration-4-001-72dpi.jpg 2000w\" sizes=\"auto, (max-width: 300px) 100vw, 300px\" \/><\/a>\n\t\t\t<\/div>\n\t\t\t\t<figcaption class='wp-caption-text gallery-caption' id='gallery-1-158'>\n\t\t\t\t<b>Ch\u00e2teau de Joux (Jura).<\/b><br>\r\nParcours des casemates : illustration panneau de visite.\n\t\t\t\t<\/figcaption><\/figure><figure class='gallery-item'>\n\t\t\t<div class='gallery-icon landscape'>\n\t\t\t\t<a href='https:\/\/francoise-ayme-martin.com\/wp-content\/uploads\/2015\/03\/Ch\u00e2teau-de-Joux-illustration-puits-72dpi.jpg'><img loading=\"lazy\" decoding=\"async\" width=\"300\" height=\"171\" src=\"https:\/\/francoise-ayme-martin.com\/wp-content\/uploads\/2015\/03\/Ch\u00e2teau-de-Joux-illustration-puits-72dpi-300x171.jpg\" class=\"attachment-medium size-medium\" alt=\"\" aria-describedby=\"gallery-1-159\" srcset=\"https:\/\/francoise-ayme-martin.com\/wp-content\/uploads\/2015\/03\/Ch\u00e2teau-de-Joux-illustration-puits-72dpi-300x171.jpg 300w, https:\/\/francoise-ayme-martin.com\/wp-content\/uploads\/2015\/03\/Ch\u00e2teau-de-Joux-illustration-puits-72dpi-1024x585.jpg 1024w, https:\/\/francoise-ayme-martin.com\/wp-content\/uploads\/2015\/03\/Ch\u00e2teau-de-Joux-illustration-puits-72dpi.jpg 2000w\" sizes=\"auto, (max-width: 300px) 100vw, 300px\" \/><\/a>\n\t\t\t<\/div>\n\t\t\t\t<figcaption class='wp-caption-text gallery-caption' id='gallery-1-159'>\n\t\t\t\t<b>Ch\u00e2teau de Joux (Jura)<\/b><br>\r\nPanneau descriptif du puits dans le parcours de visite.\n\t\t\t\t<\/figcaption><\/figure><figure class='gallery-item'>\n\t\t\t<div class='gallery-icon landscape'>\n\t\t\t\t<a href='https:\/\/francoise-ayme-martin.com\/wp-content\/uploads\/2015\/03\/AYME-MARTIN-fable-53-La-Besace-72dpi.jpg'><img loading=\"lazy\" decoding=\"async\" width=\"300\" height=\"185\" src=\"https:\/\/francoise-ayme-martin.com\/wp-content\/uploads\/2015\/03\/AYME-MARTIN-fable-53-La-Besace-72dpi-300x185.jpg\" class=\"attachment-medium size-medium\" alt=\"\" aria-describedby=\"gallery-1-160\" srcset=\"https:\/\/francoise-ayme-martin.com\/wp-content\/uploads\/2015\/03\/AYME-MARTIN-fable-53-La-Besace-72dpi-300x185.jpg 300w, https:\/\/francoise-ayme-martin.com\/wp-content\/uploads\/2015\/03\/AYME-MARTIN-fable-53-La-Besace-72dpi-1024x630.jpg 1024w, https:\/\/francoise-ayme-martin.com\/wp-content\/uploads\/2015\/03\/AYME-MARTIN-fable-53-La-Besace-72dpi.jpg 2000w\" sizes=\"auto, (max-width: 300px) 100vw, 300px\" \/><\/a>\n\t\t\t<\/div>\n\t\t\t\t<figcaption class='wp-caption-text gallery-caption' id='gallery-1-160'>\n\t\t\t\t<b>Les fables de La Fontaine.<\/b><br>\r\nIllustration de la fable \u00ab\u00a0La besace\u00a0\u00bb, catalogue Festival d&rsquo;Art Singulier de Banne (Ard\u00e8che).\n\t\t\t\t<\/figcaption><\/figure><figure class='gallery-item'>\n\t\t\t<div class='gallery-icon landscape'>\n\t\t\t\t<a href='https:\/\/francoise-ayme-martin.com\/wp-content\/uploads\/2015\/03\/d\u00e9tails-architecture-patrimoine-2-72dpi.jpg'><img loading=\"lazy\" decoding=\"async\" width=\"300\" height=\"194\" src=\"https:\/\/francoise-ayme-martin.com\/wp-content\/uploads\/2015\/03\/d\u00e9tails-architecture-patrimoine-2-72dpi-300x194.jpg\" class=\"attachment-medium size-medium\" alt=\"\" aria-describedby=\"gallery-1-161\" srcset=\"https:\/\/francoise-ayme-martin.com\/wp-content\/uploads\/2015\/03\/d\u00e9tails-architecture-patrimoine-2-72dpi-300x194.jpg 300w, https:\/\/francoise-ayme-martin.com\/wp-content\/uploads\/2015\/03\/d\u00e9tails-architecture-patrimoine-2-72dpi-1024x663.jpg 1024w, https:\/\/francoise-ayme-martin.com\/wp-content\/uploads\/2015\/03\/d\u00e9tails-architecture-patrimoine-2-72dpi.jpg 2000w\" sizes=\"auto, (max-width: 300px) 100vw, 300px\" \/><\/a>\n\t\t\t<\/div>\n\t\t\t\t<figcaption class='wp-caption-text gallery-caption' id='gallery-1-161'>\n\t\t\t\t<b>Illustrations architecture, patrimoine.<\/b><br>\n\t\t\t\t<\/figcaption><\/figure>\n\t\t<\/div>\n<\/div>\n\t\t\t\t<\/div>\n\t\t\t\t<\/div>\n\t\t\t\t\t\t<\/div>\n\t\t\t<\/div>\n\t\t<\/div>\n\t\t\t\t\t\t<\/div>\n\t\t\t<\/div>\n\t\t<\/section>\n\t\t\t\t\t\t<\/div>\n\t\t\t<\/div>\n\t\t<\/div>\n\t\t","protected":false},"excerpt":{"rendered":"<p>Encres sur papier Paysages Imaginaire D\u00e9cors Illustrations &nbsp;<\/p>\n","protected":false},"author":1,"featured_media":0,"parent":0,"menu_order":0,"comment_status":"closed","ping_status":"closed","template":"elementor_header_footer","meta":{"footnotes":""},"class_list":["post-75","page","type-page","status-publish","hentry","wp-image-borders"],"_links":{"self":[{"href":"https:\/\/francoise-ayme-martin.com\/index.php?rest_route=\/wp\/v2\/pages\/75","targetHints":{"allow":["GET"]}}],"collection":[{"href":"https:\/\/francoise-ayme-martin.com\/index.php?rest_route=\/wp\/v2\/pages"}],"about":[{"href":"https:\/\/francoise-ayme-martin.com\/index.php?rest_route=\/wp\/v2\/types\/page"}],"author":[{"embeddable":true,"href":"https:\/\/francoise-ayme-martin.com\/index.php?rest_route=\/wp\/v2\/users\/1"}],"replies":[{"embeddable":true,"href":"https:\/\/francoise-ayme-martin.com\/index.php?rest_route=%2Fwp%2Fv2%2Fcomments&post=75"}],"version-history":[{"count":12,"href":"https:\/\/francoise-ayme-martin.com\/index.php?rest_route=\/wp\/v2\/pages\/75\/revisions"}],"predecessor-version":[{"id":2015,"href":"https:\/\/francoise-ayme-martin.com\/index.php?rest_route=\/wp\/v2\/pages\/75\/revisions\/2015"}],"wp:attachment":[{"href":"https:\/\/francoise-ayme-martin.com\/index.php?rest_route=%2Fwp%2Fv2%2Fmedia&parent=75"}],"curies":[{"name":"wp","href":"https:\/\/api.w.org\/{rel}","templated":true}]}}